{"id":17,"date":"2012-02-27T00:20:43","date_gmt":"2012-02-26T23:20:43","guid":{"rendered":"http:\/\/www.assocardan.org\/?page_id=17"},"modified":"2023-01-03T12:02:33","modified_gmt":"2023-01-03T11:02:33","slug":"les-lieux","status":"publish","type":"page","link":"https:\/\/www.assocardan.org\/?page_id=17","title":{"rendered":"LES LIEUX"},"content":{"rendered":"\n<h2 class=\"has-text-align-left wp-block-heading\">Association CARDAN (Si\u00e8ge social) :<\/h2>\n\n\n\n<div style=\"height:20px\" aria-hidden=\"true\" class=\"wp-block-spacer\"><\/div>\n\n\n\n<figure class=\"wp-block-gallery columns-2 is-cropped wp-block-gallery-1 is-layout-flex wp-block-gallery-is-layout-flex\"><ul class=\"blocks-gallery-grid\"><li class=\"blocks-gallery-item\"><figure><img loading=\"lazy\" decoding=\"async\" width=\"1024\" height=\"735\" src=\"http:\/\/www.assocardan.org\/wp-content\/uploads\/2021\/11\/Cardan-siege_social.jpg\" alt=\"\" data-id=\"8661\" data-full-url=\"http:\/\/www.assocardan.org\/wp-content\/uploads\/2021\/11\/Cardan-siege_social.jpg\" data-link=\"https:\/\/www.assocardan.org\/?attachment_id=8661\" class=\"wp-image-8661\" srcset=\"https:\/\/www.assocardan.org\/wp-content\/uploads\/2021\/11\/Cardan-siege_social.jpg 1024w, https:\/\/www.assocardan.org\/wp-content\/uploads\/2021\/11\/Cardan-siege_social-300x215.jpg 300w, https:\/\/www.assocardan.org\/wp-content\/uploads\/2021\/11\/Cardan-siege_social-350x250.jpg 350w, https:\/\/www.assocardan.org\/wp-content\/uploads\/2021\/11\/Cardan-siege_social-750x538.jpg 750w, https:\/\/www.assocardan.org\/wp-content\/uploads\/2021\/11\/Cardan-siege_social-400x287.jpg 400w, https:\/\/www.assocardan.org\/wp-content\/uploads\/2021\/11\/Cardan-siege_social-430x309.jpg 430w, https:\/\/www.assocardan.org\/wp-content\/uploads\/2021\/11\/Cardan-siege_social-150x108.jpg 150w, https:\/\/www.assocardan.org\/wp-content\/uploads\/2021\/11\/Cardan-siege_social-100x72.jpg 100w\" sizes=\"auto, (max-width: 1024px) 100vw, 1024px\" \/><\/figure><\/li><li class=\"blocks-gallery-item\"><figure><img loading=\"lazy\" decoding=\"async\" width=\"441\" height=\"224\" src=\"http:\/\/www.assocardan.org\/wp-content\/uploads\/2021\/04\/Formation_cardan.png\" alt=\"\" data-id=\"8425\" data-full-url=\"http:\/\/www.assocardan.org\/wp-content\/uploads\/2021\/04\/Formation_cardan.png\" data-link=\"https:\/\/www.assocardan.org\/?attachment_id=8425\" class=\"wp-image-8425\" srcset=\"https:\/\/www.assocardan.org\/wp-content\/uploads\/2021\/04\/Formation_cardan.png 441w, https:\/\/www.assocardan.org\/wp-content\/uploads\/2021\/04\/Formation_cardan-300x152.png 300w, https:\/\/www.assocardan.org\/wp-content\/uploads\/2021\/04\/Formation_cardan-400x203.png 400w, https:\/\/www.assocardan.org\/wp-content\/uploads\/2021\/04\/Formation_cardan-430x218.png 430w, https:\/\/www.assocardan.org\/wp-content\/uploads\/2021\/04\/Formation_cardan-150x76.png 150w, https:\/\/www.assocardan.org\/wp-content\/uploads\/2021\/04\/Formation_cardan-100x51.png 100w\" sizes=\"auto, (max-width: 441px) 100vw, 441px\" \/><\/figure><\/li><\/ul><\/figure>\n\n\n\n<div style=\"height:20px\" aria-hidden=\"true\" class=\"wp-block-spacer\"><\/div>\n\n\n\n<p><strong>Adresse :<\/strong> 91 rue Saint-Roch 80000 AMIENS<\/p>\n\n\n\n<p class=\"has-normal-font-size\"><strong>Accueil &#8211; Information :<\/strong>  du lundi au jeudi de 9h \u00e0 12h et de 14h \u00e0 17h.<\/p>\n\n\n\n<p><strong>Nous contacter<\/strong> : suivez <strong><a rel=\"noreferrer noopener\" href=\"https:\/\/www.assocardan.org\/?page_id=2875\" target=\"_blank\">ce lien<\/a><\/strong>.<\/p>\n\n\n\n<div style=\"height:20px\" aria-hidden=\"true\" class=\"wp-block-spacer\"><\/div>\n\n\n\n<iframe loading=\"lazy\" width=\"100%\" height=\"300px\" frameborder=\"0\" allowfullscreen src=\"\/\/umap.openstreetmap.fr\/fr\/map\/association-cardan_852184?scaleControl=false&#038;miniMap=false&#038;scrollWheelZoom=true&#038;zoomControl=true&#038;allowEdit=false&#038;moreControl=true&#038;searchControl=null&#038;tilelayersControl=null&#038;embedControl=null&#038;datalayersControl=true&#038;onLoadPanel=undefined&#038;captionBar=false#17\/49.89460\/2.28591\"><\/iframe><p><a href=\"\/\/umap.openstreetmap.fr\/fr\/map\/association-cardan_852184\">Voir en plein \u00e9cran<\/a><\/p>\n\n\n\n<div style=\"height:50px\" aria-hidden=\"true\" class=\"wp-block-spacer\"><\/div>\n\n\n\n<h2 class=\"wp-block-heading\">Espace Lecture CARDAN<\/h2>\n\n\n\n<div style=\"height:20px\" aria-hidden=\"true\" class=\"wp-block-spacer\"><\/div>\n\n\n\n<figure class=\"wp-block-gallery columns-3 is-cropped wp-block-gallery-2 is-layout-flex wp-block-gallery-is-layout-flex\"><ul class=\"blocks-gallery-grid\"><li class=\"blocks-gallery-item\"><figure><img loading=\"lazy\" decoding=\"async\" width=\"300\" height=\"225\" src=\"http:\/\/www.assocardan.org\/wp-content\/uploads\/2019\/07\/P1070063-300x225.jpg\" alt=\"\" data-id=\"7868\" data-full-url=\"http:\/\/www.assocardan.org\/wp-content\/uploads\/2019\/07\/P1070063.jpg\" data-link=\"https:\/\/www.assocardan.org\/?attachment_id=7868\" class=\"wp-image-7868\" srcset=\"https:\/\/www.assocardan.org\/wp-content\/uploads\/2019\/07\/P1070063-300x225.jpg 300w, https:\/\/www.assocardan.org\/wp-content\/uploads\/2019\/07\/P1070063-750x563.jpg 750w, https:\/\/www.assocardan.org\/wp-content\/uploads\/2019\/07\/P1070063-400x300.jpg 400w, https:\/\/www.assocardan.org\/wp-content\/uploads\/2019\/07\/P1070063-430x323.jpg 430w, https:\/\/www.assocardan.org\/wp-content\/uploads\/2019\/07\/P1070063-150x113.jpg 150w, https:\/\/www.assocardan.org\/wp-content\/uploads\/2019\/07\/P1070063-100x75.jpg 100w, https:\/\/www.assocardan.org\/wp-content\/uploads\/2019\/07\/P1070063-160x120.jpg 160w, https:\/\/www.assocardan.org\/wp-content\/uploads\/2019\/07\/P1070063.jpg 800w\" sizes=\"auto, (max-width: 300px) 100vw, 300px\" \/><\/figure><\/li><li class=\"blocks-gallery-item\"><figure><img loading=\"lazy\" decoding=\"async\" width=\"225\" height=\"300\" src=\"http:\/\/www.assocardan.org\/wp-content\/uploads\/2019\/07\/P1070050-225x300.jpg\" alt=\"\" data-id=\"7863\" data-full-url=\"http:\/\/www.assocardan.org\/wp-content\/uploads\/2019\/07\/P1070050.jpg\" data-link=\"https:\/\/www.assocardan.org\/?attachment_id=7863\" class=\"wp-image-7863\" srcset=\"https:\/\/www.assocardan.org\/wp-content\/uploads\/2019\/07\/P1070050-225x300.jpg 225w, https:\/\/www.assocardan.org\/wp-content\/uploads\/2019\/07\/P1070050-400x533.jpg 400w, https:\/\/www.assocardan.org\/wp-content\/uploads\/2019\/07\/P1070050-430x573.jpg 430w, https:\/\/www.assocardan.org\/wp-content\/uploads\/2019\/07\/P1070050-150x200.jpg 150w, https:\/\/www.assocardan.org\/wp-content\/uploads\/2019\/07\/P1070050-100x133.jpg 100w, https:\/\/www.assocardan.org\/wp-content\/uploads\/2019\/07\/P1070050.jpg 600w\" sizes=\"auto, (max-width: 225px) 100vw, 225px\" \/><\/figure><\/li><li class=\"blocks-gallery-item\"><figure><img loading=\"lazy\" decoding=\"async\" width=\"225\" height=\"300\" src=\"http:\/\/www.assocardan.org\/wp-content\/uploads\/2019\/07\/20190716_172354-e1564065287864-225x300.jpg\" alt=\"\" data-id=\"7855\" data-full-url=\"http:\/\/www.assocardan.org\/wp-content\/uploads\/2019\/07\/20190716_172354-e1564065287864.jpg\" data-link=\"https:\/\/www.assocardan.org\/?attachment_id=7855\" class=\"wp-image-7855\" srcset=\"https:\/\/www.assocardan.org\/wp-content\/uploads\/2019\/07\/20190716_172354-e1564065287864-225x300.jpg 225w, https:\/\/www.assocardan.org\/wp-content\/uploads\/2019\/07\/20190716_172354-e1564065287864-768x1024.jpg 768w, https:\/\/www.assocardan.org\/wp-content\/uploads\/2019\/07\/20190716_172354-e1564065287864-750x1000.jpg 750w, https:\/\/www.assocardan.org\/wp-content\/uploads\/2019\/07\/20190716_172354-e1564065287864-400x533.jpg 400w, https:\/\/www.assocardan.org\/wp-content\/uploads\/2019\/07\/20190716_172354-e1564065287864-430x573.jpg 430w, https:\/\/www.assocardan.org\/wp-content\/uploads\/2019\/07\/20190716_172354-e1564065287864-150x200.jpg 150w, https:\/\/www.assocardan.org\/wp-content\/uploads\/2019\/07\/20190716_172354-e1564065287864-100x133.jpg 100w\" sizes=\"auto, (max-width: 225px) 100vw, 225px\" \/><\/figure><\/li><\/ul><\/figure>\n\n\n\n<div style=\"height:20px\" aria-hidden=\"true\" class=\"wp-block-spacer\"><\/div>\n\n\n\n<p><strong>Adresse :<\/strong> 6 rue Balzac 80000 AMIENS<\/p>\n\n\n\n<p><strong>Contacter l&#8217;Espace lecture :<\/strong> 03 22 43 88 81<\/p>\n\n\n\n<div style=\"height:20px\" aria-hidden=\"true\" class=\"wp-block-spacer\"><\/div>\n\n\n\n<iframe loading=\"lazy\" allowfullscreen=\"\" src=\"\/\/umap.openstreetmap.fr\/fr\/map\/espace-lecture-cardan_852171?scaleControl=false&amp;miniMap=false&amp;scrollWheelZoom=true&amp;zoomControl=true&amp;allowEdit=false&amp;moreControl=true&amp;searchControl=null&amp;tilelayersControl=null&amp;embedControl=null&amp;datalayersControl=true&amp;onLoadPanel=undefined&amp;captionBar=false#16\/49.9091\/2.3179\" width=\"100%\" height=\"300px\" frameborder=\"0\"><\/iframe><p><a href=\"\/\/umap.openstreetmap.fr\/fr\/map\/espace-lecture-cardan_852171\">Voir en plein \u00e9cran<\/a><\/p>\n\n\n\n<p><\/p>\n","protected":false},"excerpt":{"rendered":"<p>Association CARDAN (Si\u00e8ge social) : Adresse : 91 rue Saint-Roch 80000 AMIENS Accueil &#8211; Information : du lundi au jeudi de 9h \u00e0 12h et de 14h \u00e0 17h. Nous [&hellip;]<\/p>\n","protected":false},"author":1,"featured_media":0,"parent":0,"menu_order":2,"comment_status":"closed","ping_status":"closed","template":"","meta":{"footnotes":""},"class_list":["post-17","page","type-page","status-publish","hentry"],"_links":{"self":[{"href":"https:\/\/www.assocardan.org\/index.php?rest_route=\/wp\/v2\/pages\/17","targetHints":{"allow":["GET"]}}],"collection":[{"href":"https:\/\/www.assocardan.org\/index.php?rest_route=\/wp\/v2\/pages"}],"about":[{"href":"https:\/\/www.assocardan.org\/index.php?rest_route=\/wp\/v2\/types\/page"}],"author":[{"embeddable":true,"href":"https:\/\/www.assocardan.org\/index.php?rest_route=\/wp\/v2\/users\/1"}],"replies":[{"embeddable":true,"href":"https:\/\/www.assocardan.org\/index.php?rest_route=%2Fwp%2Fv2%2Fcomments&post=17"}],"version-history":[{"count":15,"href":"https:\/\/www.assocardan.org\/index.php?rest_route=\/wp\/v2\/pages\/17\/revisions"}],"predecessor-version":[{"id":9195,"href":"https:\/\/www.assocardan.org\/index.php?rest_route=\/wp\/v2\/pages\/17\/revisions\/9195"}],"wp:attachment":[{"href":"https:\/\/www.assocardan.org\/index.php?rest_route=%2Fwp%2Fv2%2Fmedia&parent=17"}],"curies":[{"name":"wp","href":"https:\/\/api.w.org\/{rel}","templated":true}]}}