{"id":2875,"date":"2012-12-07T14:41:18","date_gmt":"2012-12-07T13:41:18","guid":{"rendered":"http:\/\/www.assocardan.org\/?page_id=2875"},"modified":"2022-01-13T14:45:03","modified_gmt":"2022-01-13T13:45:03","slug":"contact-2","status":"publish","type":"page","link":"https:\/\/www.assocardan.org\/?page_id=2875","title":{"rendered":"NOUS CONTACTER :"},"content":{"rendered":"<p><img loading=\"lazy\" decoding=\"async\" class=\"wp-image-8656 alignleft\" src=\"http:\/\/www.assocardan.org\/wp-content\/uploads\/2021\/11\/Cardan_coordonnees.png\" alt=\"\" width=\"334\" height=\"120\" srcset=\"https:\/\/www.assocardan.org\/wp-content\/uploads\/2021\/11\/Cardan_coordonnees.png 618w, https:\/\/www.assocardan.org\/wp-content\/uploads\/2021\/11\/Cardan_coordonnees-300x108.png 300w, https:\/\/www.assocardan.org\/wp-content\/uploads\/2021\/11\/Cardan_coordonnees-400x144.png 400w, https:\/\/www.assocardan.org\/wp-content\/uploads\/2021\/11\/Cardan_coordonnees-430x154.png 430w, https:\/\/www.assocardan.org\/wp-content\/uploads\/2021\/11\/Cardan_coordonnees-150x54.png 150w, https:\/\/www.assocardan.org\/wp-content\/uploads\/2021\/11\/Cardan_coordonnees-100x36.png 100w\" sizes=\"auto, (max-width: 334px) 100vw, 334px\" \/><\/p>\n<p>\u00a0<\/p>\n<p style=\"text-align: left;\">\u00a0<\/p>\n\n\n<div style=\"height:40px\" aria-hidden=\"true\" class=\"wp-block-spacer\"><\/div>\n\n\n\n<p>Vous pouvez d\u00e9poser votre message ci-dessous :<\/p>\n\n\n\n<div style=\"height:10px\" aria-hidden=\"true\" class=\"wp-block-spacer\"><\/div>\n\n\n\n<p><strong><form method=\"post\" id=\"cntctfrm_contact_form\" class=\"cntctfrm_contact_form cntctfrm_one_column cntctfrm_ltr cntctfrm_width_default\" action=\"\/index.php?rest_route=%2Fwp%2Fv2%2Fpages%2F2875#cntctfrm_contact_form\" enctype=\"multipart\/form-data\"><div id=\"cntctfrm_first_column\" class=\"cntctfrm_column\"><div class=\"cntctfrm_field_wrap cntctfrm_field_name_wrap\"namecontact><div class=\"cntctfrm_label cntctfrm_label_name\">\n\t\t\t\t\t\t\t\t\t<label for=\"cntctfrm_contact_name\">Nom: <span class=\"required\">*<\/span><\/label><\/div><div class=\"cntctfrm_input cntctfrm_input_name\">\n\t\t\t\t\t\t\t\t\t<input namecontact class=\"text\" type=\"text\" size=\"40\" pattern=\"^([\\p{L}\\p{M}]{2,}(\\s)*(\\p{L}+\\p{M}*-*){1,})|([\\p{L}\\p{M}]{3,})\" title=\"Veuillez saisir uniquement des lettres d'au moins 3 caract\u00e8res, les mots \u00e9tant s\u00e9par\u00e9s par des espaces\" value=\"\" name=\"cntctfrm_contact_name\" id=\"cntctfrm_contact_name\" \/><\/div><\/div><div class=\"cntctfrm_field_wrap cntctfrm_field_email_wrap\"email><div class=\"cntctfrm_label cntctfrm_label_email\">\n\t\t\t\t\t\t\t\t\t<label for=\"cntctfrm_contact_email\">Adresse e-mail: <span class=\"required\">*<\/span><\/label>\n\t\t\t\t\t\t\t\t<\/div><div class=\"cntctfrm_input cntctfrm_input_email\">\n\t\t\t\t\t\t\t\t\t<input email class=\"text\" type=\"email\" size=\"40\" value=\"\" name=\"cntctfrm_contact_email\" id=\"cntctfrm_contact_email\" \/><\/div><\/div><div class=\"cntctfrm_field_wrap cntctfrm_field_subject_wrap\"subject><div class=\"cntctfrm_label cntctfrm_label_subject\">\n\t\t\t\t\t\t\t\t\t<label for=\"cntctfrm_contact_subject\">Sujet: <span class=\"required\">*<\/span><\/label>\n\t\t\t\t\t\t\t\t<\/div><div class=\"cntctfrm_input cntctfrm_input_subject\">\n\t\t\t\t\t\t\t\t<input subject pattern=\"^\\p{L}{1,}([\\p{L}\\s]){2,}\" title=\"Please enter only letters at least 3 characters, words seperated by spaces\" class=\"text\" type=\"text\" size=\"40\" value=\"\" name=\"cntctfrm_contact_subject\" id=\"cntctfrm_contact_subject\" \/><\/div><\/div><div class=\"cntctfrm_field_wrap cntctfrm_field_message_wrap\"message><div class=\"cntctfrm_label cntctfrm_label_message\">\n\t\t\t\t\t\t\t\t<label for=\"cntctfrm_contact_message\">Message: <span class=\"required\">*<\/span><\/label>\n\t\t\t\t\t\t\t<\/div><div class=\"cntctfrm_input cntctfrm_input_message\">\n\t\t\t\t\t\t\t\t<textarea message rows=\"5\" cols=\"30\"name=\"cntctfrm_contact_message\" id=\"cntctfrm_contact_message\"><\/textarea><\/div><\/div><\/div><div class=\"clear\"><\/div><div class=\"cntctfrm_submit_wrap\"><div id=\"cntctfrm_submit_first_column\" class=\"cntctfrm_column\"><div class=\"cntctfrm_input cntctfrm_input_submit\"><input type=\"hidden\" value=\"send\" name=\"cntctfrm_contact_action\">\n\t\t\t\t\t\t\t<input type=\"hidden\" value=\"default\" name=\"cntctfrm_language\">\n\t\t\t\t\t\t\t<input type=\"hidden\" value=\"1\" name=\"cntctfrm_form_submited\">\n\t\t\t\t\t\t\t<input type=\"hidden\" value=\"cntctfrm_options\" name=\"cntctfrm_options_name\">\n\t\t\t\t\t\t\t<input type=\"submit\" value=\"Envoyer\" class=\"cntctfrm_contact_submit\" id=\"1\" \/>\n\t\t\t\t\t\t<\/div><\/div><div id=\"cntctfrm_submit_second_column\" class=\"cntctfrm_column\"><\/div><div class=\"clear\"><\/div>\n\t\t\t<\/div>\n\t\t\t<\/form><\/strong><\/p>\n","protected":false},"excerpt":{"rendered":"<p>\u00a0 \u00a0 Vous pouvez d\u00e9poser votre message ci-dessous :<\/p>\n","protected":false},"author":1,"featured_media":0,"parent":0,"menu_order":6,"comment_status":"closed","ping_status":"closed","template":"","meta":{"footnotes":""},"class_list":["post-2875","page","type-page","status-publish","hentry"],"_links":{"self":[{"href":"https:\/\/www.assocardan.org\/index.php?rest_route=\/wp\/v2\/pages\/2875","targetHints":{"allow":["GET"]}}],"collection":[{"href":"https:\/\/www.assocardan.org\/index.php?rest_route=\/wp\/v2\/pages"}],"about":[{"href":"https:\/\/www.assocardan.org\/index.php?rest_route=\/wp\/v2\/types\/page"}],"author":[{"embeddable":true,"href":"https:\/\/www.assocardan.org\/index.php?rest_route=\/wp\/v2\/users\/1"}],"replies":[{"embeddable":true,"href":"https:\/\/www.assocardan.org\/index.php?rest_route=%2Fwp%2Fv2%2Fcomments&post=2875"}],"version-history":[{"count":10,"href":"https:\/\/www.assocardan.org\/index.php?rest_route=\/wp\/v2\/pages\/2875\/revisions"}],"predecessor-version":[{"id":8666,"href":"https:\/\/www.assocardan.org\/index.php?rest_route=\/wp\/v2\/pages\/2875\/revisions\/8666"}],"wp:attachment":[{"href":"https:\/\/www.assocardan.org\/index.php?rest_route=%2Fwp%2Fv2%2Fmedia&parent=2875"}],"curies":[{"name":"wp","href":"https:\/\/api.w.org\/{rel}","templated":true}]}}