{"id":4956,"date":"2016-01-15T11:29:04","date_gmt":"2016-01-15T10:29:04","guid":{"rendered":"http:\/\/www.assocardan.org\/?page_id=4956"},"modified":"2016-04-05T17:49:26","modified_gmt":"2016-04-05T15:49:26","slug":"esperances","status":"publish","type":"page","link":"https:\/\/www.assocardan.org\/?page_id=4956","title":{"rendered":"ESP\u00c9RANCE(S)"},"content":{"rendered":"<p>Le journal Esp\u00e9rance(s) est un journal \u00e9crit et imagin\u00e9 par des b\u00e9n\u00e9voles du cardan habitant des quartiers populaires d&#8217;Abbeville. Son objectif est de vous informer de ce qui se passe dans les lieux culturels, par des t\u00e9moignages de personnes qui participent ou ont particip\u00e9 aux lectures de rue.<\/p>\n<p>Sur ce journal, nous vous parlerons de l&#8217;\u0153uvre du mois des mus\u00e9es, des lectures de rue compl\u00e9t\u00e9es par des critiques litt\u00e9raires&#8230;<\/p>\n<p>&nbsp;<\/p>\n<h4>Pour voir les articles, <strong><a href=\"http:\/\/www.assocardan.org\/?cat=227\">cliquez ici<\/a><\/strong>.<\/h4>\n<p>&nbsp;<\/p>\n","protected":false},"excerpt":{"rendered":"<p>Le journal Esp\u00e9rance(s) est un journal \u00e9crit et imagin\u00e9 par des b\u00e9n\u00e9voles du cardan habitant des quartiers populaires d&#8217;Abbeville. Son objectif est de vous informer de ce qui se passe [&hellip;]<\/p>\n","protected":false},"author":1,"featured_media":0,"parent":0,"menu_order":0,"comment_status":"closed","ping_status":"closed","template":"","meta":{"footnotes":""},"class_list":["post-4956","page","type-page","status-publish","hentry"],"_links":{"self":[{"href":"https:\/\/www.assocardan.org\/index.php?rest_route=\/wp\/v2\/pages\/4956","targetHints":{"allow":["GET"]}}],"collection":[{"href":"https:\/\/www.assocardan.org\/index.php?rest_route=\/wp\/v2\/pages"}],"about":[{"href":"https:\/\/www.assocardan.org\/index.php?rest_route=\/wp\/v2\/types\/page"}],"author":[{"embeddable":true,"href":"https:\/\/www.assocardan.org\/index.php?rest_route=\/wp\/v2\/users\/1"}],"replies":[{"embeddable":true,"href":"https:\/\/www.assocardan.org\/index.php?rest_route=%2Fwp%2Fv2%2Fcomments&post=4956"}],"version-history":[{"count":9,"href":"https:\/\/www.assocardan.org\/index.php?rest_route=\/wp\/v2\/pages\/4956\/revisions"}],"predecessor-version":[{"id":5592,"href":"https:\/\/www.assocardan.org\/index.php?rest_route=\/wp\/v2\/pages\/4956\/revisions\/5592"}],"wp:attachment":[{"href":"https:\/\/www.assocardan.org\/index.php?rest_route=%2Fwp%2Fv2%2Fmedia&parent=4956"}],"curies":[{"name":"wp","href":"https:\/\/api.w.org\/{rel}","templated":true}]}}