{"id":7544,"date":"2019-06-24T17:19:19","date_gmt":"2019-06-24T15:19:19","guid":{"rendered":"http:\/\/www.assocardan.org\/?page_id=7544"},"modified":"2021-12-10T17:52:39","modified_gmt":"2021-12-10T16:52:39","slug":"qui-sommes-nous","status":"publish","type":"page","link":"https:\/\/www.assocardan.org\/?page_id=7544","title":{"rendered":"Qui sommes-nous ?"},"content":{"rendered":"\n<figure class=\"wp-block-embed is-type-video is-provider-vimeo wp-block-embed-vimeo wp-embed-aspect-16-9 wp-has-aspect-ratio\"><div class=\"wp-block-embed__wrapper\">\n<iframe loading=\"lazy\" title=\"Le Cardan\" src=\"https:\/\/player.vimeo.com\/video\/37314773?h=717734e24f&amp;dnt=1&amp;app_id=122963\" width=\"640\" height=\"360\" frameborder=\"0\" allow=\"autoplay; fullscreen; picture-in-picture\" allowfullscreen><\/iframe>\n<\/div><\/figure>\n\n\n\n<p class=\"has-text-align-left\"><em>Une vid\u00e9o partag\u00e9e par l\u2019association <a href=\"http:\/\/association-carmen.fr\/\" target=\"_blank\" rel=\"noopener noreferrer\">Carmen<\/a>.<\/em><\/p>\n\n\n\n<p>L\u2019association Cardan a \u00e9t\u00e9 cr\u00e9\u00e9e en 1978 par un groupe de jeunes \u00e9tudiants de l\u2019Universit\u00e9 de Picardie au constat que l\u2019acc\u00e8s au savoir n\u2019est pas \u00e9galitaire.<\/p>\n\n\n\n<p>Symboliquement, le Cardan est un outil qui favorise la transmission, qui active la roue en tenant compte des accidents du terrain. C\u2019est le nom qu\u2019ont choisi ses fondateurs pour illustrer leur projet. Le but de la structure se voulait alors de \u00abpromouvoir le monde ouvrier le plus d\u00e9favoris\u00e9\u00bb. L\u2019association a d\u00e9ploy\u00e9 ses actions dans la mouvance de celles d\u00e9velopp\u00e9es par le mouvement international ATD Quart Monde \u00e0 travers les biblioth\u00e8ques de rue \u00e0 l\u2019\u00e9chelle des quartiers.<\/p>\n\n\n\n<p><strong>CARDAN se d\u00e9finit comme un espace ouvert et convivial qui favorise l\u2019acc\u00e8s aux savoirs communs et au vivre ensemble dans une d\u00e9marche d\u2019innovation sociale.<\/strong><\/p>\n\n\n\n<p>Le but de l\u2019association est de proposer \u00e0 chacun, par des actions de pr\u00e9vention et de r\u00e9paration, les outils culturels qui donnent acc\u00e8s aux moyens de s\u2019exprimer, de se former, de comprendre, de s\u2019adapter aux normes de la vie sociale afin de pouvoir choisir et agir (<em>article 2 des statuts de l\u2019association<\/em>).<\/p>\n\n\n\n<h2 class=\"format-h2-contenu wp-block-heading\">Nos missions :<\/h2>\n\n\n\n<ul class=\"wp-block-list\"><li>Favoriser l\u2019<strong>acc\u00e8s aux savoirs communs<\/strong> et <strong>au vivre ensemble<\/strong> dans une d\u00e9marche d\u2019innovation sociale.<\/li><li>Contribuer \u00e0 <strong>lutter contre l\u2019illettrisme<\/strong> \u00e0 travers la <a href=\"https:\/\/www.assocardan.org\/?page_id=7951\" target=\"_blank\" rel=\"noreferrer noopener\"><strong>m\u00e9diation par le livre<\/strong><\/a>, la lecture, la parole et une palette d\u2019activit\u00e9s qui favorise la pratique culturelle des personnes qui s\u2019en croient exclues.<\/li><li>Proposer des actions de <strong><a href=\"https:\/\/www.assocardan.org\/?page_id=7975\" target=\"_blank\" rel=\"noreferrer noopener\">formation aux savoirs de base<\/a><\/strong> et, ainsi, favoriser la mobilisation des comp\u00e9tences cognitives, en vue de l\u2019acc\u00e8s \u00e0 l\u2019autonomie dans la vie quotidienne.<\/li><li><strong>Donner aux personnes le pouvoir d\u2019agir<\/strong> en acteur citoyen sur leurs conditions sociales, \u00e9conomiques et politiques.<\/li><li><strong>Changer<\/strong> la perception, le regard, l\u2019approche des institutions sur ce public, dans le but de faire \u00e9voluer les pratiques.<\/li><\/ul>\n\n\n\n<h2 class=\"format-h2-contenu wp-block-heading\">Cardan s\u2019adresse :<\/h2>\n\n\n\n<ul class=\"wp-block-list\"><li style=\"text-align: left;\">aux personnes (enfants, adolescents, adultes) mises en marge de la vie sociale et culturelle<\/li><li style=\"text-align: left;\">aux non-lecteurs, publics \u00e9loign\u00e9s du livre et de la lecture<\/li><li style=\"text-align: left;\">aux personnes en grande pr\u00e9carit\u00e9<\/li><\/ul>\n\n\n\n<h2 class=\"format-h2-contenu wp-block-heading\">Nos d\u00e9marches :<\/h2>\n\n\n\n<ul class=\"wp-block-list\"><li style=\"text-align: left;\">Reconna\u00eetre la personne dans sa dignit\u00e9 et sa culture<\/li><li style=\"text-align: left;\">Favoriser la parole, la lecture, la r\u00e9flexion et l\u2019apprentissage des savoirs de base<\/li><li style=\"text-align: left;\">Permettre l\u2019acc\u00e8s \u00e0 la culture par la d\u00e9couverte et la participation<\/li><li style=\"text-align: left;\">\u00c9tablir des liens qui permettent de se construire, de s\u2019adapter, et d\u2019\u00eatre acteur citoyen au sein de la soci\u00e9t\u00e9<\/li><\/ul>\n\n\n\n<h2 class=\"format-h2-contenu wp-block-heading\">Nos valeurs :<\/h2>\n\n\n\n<p class=\"has-text-align-left\">De ces valeurs d\u00e9coulent des principes d\u2019action :<\/p>\n\n\n\n<ul class=\"wp-block-list\"><li style=\"text-align: left;\"><strong>Citoyennet\u00e9<\/strong> \u21d2 Les actions se con\u00e7oivent \u00e0 partir de la connaissance de l\u2019exclusion.<\/li><li style=\"text-align: left;\"><strong>Solidarit\u00e9<\/strong> \u21d2 Les actions existent, vivent et se d\u00e9veloppent gr\u00e2ce aux nombreux b\u00e9n\u00e9voles.<\/li><li style=\"text-align: left;\"><strong>Tol\u00e9rance<\/strong> \u21d2 Les actions s\u2019inscrivent dans un temps long et non dans l\u2019imm\u00e9diatet\u00e9.<\/li><li style=\"text-align: left;\"><strong>Engagement<\/strong> \u21d2 Les actions sont fond\u00e9es sur la mise en place de partenariats publics et priv\u00e9s.<\/li><li style=\"text-align: left;\"><strong>Respect de l\u2019autre<\/strong> \u21d2 L\u2019individu en tant que personne est moteur des projets d\u2019o\u00f9 l\u2019importance de l\u2019accueil et de l\u2019\u00e9coute.<\/li><\/ul>\n","protected":false},"excerpt":{"rendered":"<p>Une vid\u00e9o partag\u00e9e par l\u2019association Carmen. L\u2019association Cardan a \u00e9t\u00e9 cr\u00e9\u00e9e en 1978 par un groupe de jeunes \u00e9tudiants de l\u2019Universit\u00e9 de Picardie au constat que l\u2019acc\u00e8s au savoir n\u2019est [&hellip;]<\/p>\n","protected":false},"author":1,"featured_media":0,"parent":0,"menu_order":0,"comment_status":"closed","ping_status":"closed","template":"","meta":{"footnotes":""},"class_list":["post-7544","page","type-page","status-publish","hentry"],"_links":{"self":[{"href":"https:\/\/www.assocardan.org\/index.php?rest_route=\/wp\/v2\/pages\/7544","targetHints":{"allow":["GET"]}}],"collection":[{"href":"https:\/\/www.assocardan.org\/index.php?rest_route=\/wp\/v2\/pages"}],"about":[{"href":"https:\/\/www.assocardan.org\/index.php?rest_route=\/wp\/v2\/types\/page"}],"author":[{"embeddable":true,"href":"https:\/\/www.assocardan.org\/index.php?rest_route=\/wp\/v2\/users\/1"}],"replies":[{"embeddable":true,"href":"https:\/\/www.assocardan.org\/index.php?rest_route=%2Fwp%2Fv2%2Fcomments&post=7544"}],"version-history":[{"count":7,"href":"https:\/\/www.assocardan.org\/index.php?rest_route=\/wp\/v2\/pages\/7544\/revisions"}],"predecessor-version":[{"id":8735,"href":"https:\/\/www.assocardan.org\/index.php?rest_route=\/wp\/v2\/pages\/7544\/revisions\/8735"}],"wp:attachment":[{"href":"https:\/\/www.assocardan.org\/index.php?rest_route=%2Fwp%2Fv2%2Fmedia&parent=7544"}],"curies":[{"name":"wp","href":"https:\/\/api.w.org\/{rel}","templated":true}]}}