{"id":7951,"date":"2019-07-30T18:17:29","date_gmt":"2019-07-30T16:17:29","guid":{"rendered":"http:\/\/www.assocardan.org\/?page_id=7951"},"modified":"2026-02-12T13:37:56","modified_gmt":"2026-02-12T12:37:56","slug":"mediation-par-le-livre-et-la-lecture","status":"publish","type":"page","link":"https:\/\/www.assocardan.org\/?page_id=7951","title":{"rendered":"M\u00e9diation par le livre et la lecture"},"content":{"rendered":"\n<div class=\"wp-block-image\"><figure class=\"aligncenter is-resized\"><img loading=\"lazy\" decoding=\"async\" src=\"http:\/\/www.assocardan.org\/wp-content\/uploads\/2019\/02\/Bib_de_rue_Abbeville-1024x768.jpg\" alt=\"\" class=\"wp-image-7313\" width=\"455\" height=\"341\" srcset=\"https:\/\/www.assocardan.org\/wp-content\/uploads\/2019\/02\/Bib_de_rue_Abbeville-1024x768.jpg 1024w, https:\/\/www.assocardan.org\/wp-content\/uploads\/2019\/02\/Bib_de_rue_Abbeville-300x225.jpg 300w, https:\/\/www.assocardan.org\/wp-content\/uploads\/2019\/02\/Bib_de_rue_Abbeville-750x563.jpg 750w, https:\/\/www.assocardan.org\/wp-content\/uploads\/2019\/02\/Bib_de_rue_Abbeville-400x300.jpg 400w, https:\/\/www.assocardan.org\/wp-content\/uploads\/2019\/02\/Bib_de_rue_Abbeville-430x323.jpg 430w, https:\/\/www.assocardan.org\/wp-content\/uploads\/2019\/02\/Bib_de_rue_Abbeville-150x113.jpg 150w, https:\/\/www.assocardan.org\/wp-content\/uploads\/2019\/02\/Bib_de_rue_Abbeville-100x75.jpg 100w, https:\/\/www.assocardan.org\/wp-content\/uploads\/2019\/02\/Bib_de_rue_Abbeville-160x120.jpg 160w\" sizes=\"auto, (max-width: 455px) 100vw, 455px\" \/><\/figure><\/div>\n\n\n\n<h4 class=\"has-text-align-center wp-block-heading\"><a href=\"http:\/\/www.assocardan.org\/?tag=mediation-du-livre\">Pour acc\u00e9der aux articles sur la M\u00e9diation du livre, cliquez sur ce lien.<\/a> <\/h4>\n\n\n\n<div style=\"height:20px\" aria-hidden=\"true\" class=\"wp-block-spacer\"><\/div>\n\n\n\n<p>La m\u00e9diation au Cardan est par essence un processus d\u2019implication  sociale, en raison de la rupture sociale et culturelle entre les  institutions et certaines cat\u00e9gories de la population. <\/p>\n\n\n\n<p>Le Cardan  d\u00e9veloppe par son mode d\u2019intervention \u00e0 travers une pr\u00e9sence sociale de  proximit\u00e9, un travail de recr\u00e9ation de lien social en utilisant le  livre. <\/p>\n\n\n\n<p>Par son action, l\u2019association contribue \u00e0 une citoyennet\u00e9 active,  la rem\u00e9diation cognitive et le d\u00e9veloppement du lien social. <\/p>\n\n\n\n<p>La palette d\u2019activit\u00e9s dans les quartiers d\u2019Amiens : <\/p>\n\n\n\n<ul class=\"wp-block-list\"><li>des <strong>actions de lecture<\/strong> : Biblioth\u00e8que de rue,\n salle d\u2019attente de PMI, en biblioth\u00e8que, en milieu scolaire, avec des \nassociations partenaires et les dispositifs r\u00e9ussite \u00e9ducative,<\/li><li>des <strong>actions de m\u00e9diation culturelle<\/strong> aupr\u00e8s des enfants et des familles, en donnant acc\u00e8s aux moyens de s\u2019exprimer, de se former, de comprendre, <\/li><li>des <strong>actions de sensibilisation<\/strong> aupr\u00e8s des professionnels du livre et de la lecture, de la petite enfance, de l\u2019accompagnement \u00e9ducatif.<\/li><\/ul>\n\n\n\n<div style=\"height:40px\" aria-hidden=\"true\" class=\"wp-block-spacer\"><\/div>\n\n\n\n<h2 class=\"wp-block-heading\">La m\u00e9diation du livre aupr\u00e8s du jeune public<\/h2>\n\n\n\n<p>L\u2019action de m\u00e9diation du livre pour le jeune public consiste \u00e0 \ninvestir l\u2019espace public par le d\u00e9ploiement d\u2019un espace lecture, \nfacilement mobile sur le territoire.<\/p>\n\n\n\n<p>Cette action permet aux parents, parfois d\u00e9pass\u00e9s par le \nquotidien, d\u2019envoyer leurs enfants vers des acteurs de terrain reconnus \nqui pourront permettre \u00e0 ces enfants d\u2019\u00eatre soutenus dans leurs \napprentissages.<\/p>\n\n\n\n<p>Il n\u2019y a pas de volont\u00e9 d\u2019identifier, d\u2019\u00e9valuer, de comparer, de  mettre en opposition. Il s\u2019agit de catalyser des activit\u00e9s permettant  de construire, de fortifier les acquis des enfants et de maintenir chez  eux une relation au monde ext\u00e9rieur diff\u00e9rente en d\u00e9veloppant du  savoir-\u00ad\u00eatre et du savoir-\u00adfaire notamment.<\/p>\n\n\n\n<p>La rencontre des parents et de leurs enfants permet d\u2019apprendre  des personnes concern\u00e9es et non pas d\u2019\u00eatre d\u00e9tenteur d\u2019un unique savoir.  Il s\u2019agit de faire avec elles et de les \u00e9couter car elles ont des  aptitudes et des savoir-\u00adfaire transf\u00e9rables.<\/p>\n\n\n\n<p>Outiller les enfants par l\u2019interm\u00e9diaire du livre leur permet de\n construire leur langage et leur imaginaire, de donner du sens \u00e0 leur \nenvironnement par la richesse linguistique de la langue.<br \/><\/p>\n\n\n\n<div style=\"height:40px\" aria-hidden=\"true\" class=\"wp-block-spacer\"><\/div>\n\n\n\n<h2 class=\"wp-block-heading\" id=\"bibrue\">ZOOM sur une action de m\u00e9diation : Les Biblioth\u00e8ques de Rue.<\/h2>\n\n\n\n<div class=\"wp-block-image\"><figure class=\"alignright is-resized\"><img loading=\"lazy\" decoding=\"async\" src=\"http:\/\/www.assocardan.org\/wp-content\/uploads\/2018\/10\/Cardan-40ans-photo40.jpg\" alt=\"\" class=\"wp-image-7214\" width=\"275\" height=\"384\" srcset=\"https:\/\/www.assocardan.org\/wp-content\/uploads\/2018\/10\/Cardan-40ans-photo40.jpg 689w, https:\/\/www.assocardan.org\/wp-content\/uploads\/2018\/10\/Cardan-40ans-photo40-215x300.jpg 215w, https:\/\/www.assocardan.org\/wp-content\/uploads\/2018\/10\/Cardan-40ans-photo40-400x557.jpg 400w, https:\/\/www.assocardan.org\/wp-content\/uploads\/2018\/10\/Cardan-40ans-photo40-430x599.jpg 430w, https:\/\/www.assocardan.org\/wp-content\/uploads\/2018\/10\/Cardan-40ans-photo40-150x209.jpg 150w, https:\/\/www.assocardan.org\/wp-content\/uploads\/2018\/10\/Cardan-40ans-photo40-100x139.jpg 100w\" sizes=\"auto, (max-width: 275px) 100vw, 275px\" \/><\/figure><\/div>\n\n\n\n<p>Chaque semaine, des adultes \u00absachant\u00bb lire vont \u00e0 la rencontre \nd\u2019enfants des milieux d\u00e9favoris\u00e9s et de leurs familles, avec des livres.\n Des rencontres r\u00e9guli\u00e8res sont propos\u00e9es dans la rue, une cage \nd\u2019escalier, un lieu de passage, sur un muret\u2026. <\/p>\n\n\n\n<p>L\u2019animateur lecteur se met \u00e0 la disposition du partage du \nplaisir de lire, soutient ou conforte l\u2019apprentissage de la lecture et \nentra\u00eene les enfants vers un \u00abvouloir\u00bb lire : regarder, d\u00e9crire, \ns\u2019orienter, d\u00e9chiffrer ou m\u00eame parfois, d\u00e9crypter le sens d\u2019un livre et \nde la lecture.<\/p>\n\n\n\n<p>Ce sont des occasions d\u2019\u00e9changes qui cr\u00e9ent dans le quotidien un\n espace d\u2019ouverture et de regard bienveillant sur l\u2019autre. Par sa \nr\u00e9gularit\u00e9, et sa \u00ablong\u00e9vit\u00e9\u00bb, ces moments conviviaux permettent de \ntisser des relations de confiance entre les enfants, leurs familles et \nles animateurs, premiers pas vers une participation sociale plus large.<\/p>\n","protected":false},"excerpt":{"rendered":"<p>Pour acc\u00e9der aux articles sur la M\u00e9diation du livre, cliquez sur ce lien. La m\u00e9diation au Cardan est par essence un processus d\u2019implication sociale, en raison de la rupture sociale [&hellip;]<\/p>\n","protected":false},"author":1,"featured_media":0,"parent":0,"menu_order":0,"comment_status":"closed","ping_status":"closed","template":"","meta":{"footnotes":""},"class_list":["post-7951","page","type-page","status-publish","hentry"],"_links":{"self":[{"href":"https:\/\/www.assocardan.org\/index.php?rest_route=\/wp\/v2\/pages\/7951","targetHints":{"allow":["GET"]}}],"collection":[{"href":"https:\/\/www.assocardan.org\/index.php?rest_route=\/wp\/v2\/pages"}],"about":[{"href":"https:\/\/www.assocardan.org\/index.php?rest_route=\/wp\/v2\/types\/page"}],"author":[{"embeddable":true,"href":"https:\/\/www.assocardan.org\/index.php?rest_route=\/wp\/v2\/users\/1"}],"replies":[{"embeddable":true,"href":"https:\/\/www.assocardan.org\/index.php?rest_route=%2Fwp%2Fv2%2Fcomments&post=7951"}],"version-history":[{"count":10,"href":"https:\/\/www.assocardan.org\/index.php?rest_route=\/wp\/v2\/pages\/7951\/revisions"}],"predecessor-version":[{"id":10440,"href":"https:\/\/www.assocardan.org\/index.php?rest_route=\/wp\/v2\/pages\/7951\/revisions\/10440"}],"wp:attachment":[{"href":"https:\/\/www.assocardan.org\/index.php?rest_route=%2Fwp%2Fv2%2Fmedia&parent=7951"}],"curies":[{"name":"wp","href":"https:\/\/api.w.org\/{rel}","templated":true}]}}