{"id":8813,"date":"2021-12-21T16:03:29","date_gmt":"2021-12-21T15:03:29","guid":{"rendered":"https:\/\/www.assocardan.org\/?page_id=8813"},"modified":"2026-03-10T16:06:56","modified_gmt":"2026-03-10T15:06:56","slug":"formation-esat","status":"publish","type":"page","link":"https:\/\/www.assocardan.org\/?page_id=8813","title":{"rendered":"FORMATION ESAT"},"content":{"rendered":"\n<div class=\"wp-block-columns is-layout-flex wp-container-core-columns-is-layout-9d6595d7 wp-block-columns-is-layout-flex\">\n<div class=\"wp-block-column is-layout-flow wp-block-column-is-layout-flow\" style=\"flex-basis:66.66%\">\n<h3 class=\"wp-block-heading has-text-align-center has-white-color has-luminous-vivid-amber-background-color has-text-color has-background\" style=\"font-size:25px\">formation <br \/>en ESAT<\/h3>\n\n\n\n<div style=\"height:10px\" aria-hidden=\"true\" class=\"wp-block-spacer\"><\/div>\n\n\n\n<h4 class=\"wp-block-heading\"><strong>Contexte \u2014<\/strong><\/h4>\n\n\n\n<p>Les travailleurs handicap\u00e9s sollicitent les \u00e9tablissements d\u2019aide par le travail employeurs pour la mise en place d\u2019actions de formation aux savoirs de base.<\/p>\n\n\n\n<div style=\"height:20px\" aria-hidden=\"true\" class=\"wp-block-spacer\"><\/div>\n\n\n\n<h4 class=\"wp-block-heading\"><strong>D\u00e9bouch\u00e9s \u2014<\/strong><\/h4>\n\n\n\n<p>Pour l\u2019apprenant, l\u2019\u00e9volution de ses connaissances lui apporte une polyvalence dans ses activit\u00e9s professionnelles, augmente ses comp\u00e9tences, son autonomie dans les registres social et personnel ainsi que son adaptation aux \u00e9volutions du march\u00e9 du travail, pour une meilleure employabilit\u00e9.<\/p>\n\n\n\n<div style=\"height:20px\" aria-hidden=\"true\" class=\"wp-block-spacer\"><\/div>\n\n\n\n<h4 class=\"wp-block-heading\"><strong>Objectifs de la formation \u2014<\/strong><\/h4>\n\n\n\n<p>Les travailleurs handicap\u00e9s formulent plusieurs objectifs, notamment savoir compter pour avoir une autonomie financi\u00e8re dans la gestion du budget pour comprendre les explications des tuteurs et administrative pour comprendre les courriers des institutions.<\/p>\n\n\n\n<p>En lien avec l\u2019emploi, il s\u2019agit d\u2019am\u00e9liorer la capacit\u00e9 de concentration et la rentabilit\u00e9. Apprendre \u00e0 apprendre\/\u00e9crire\/lire et compter.<\/p>\n\n\n\n<div style=\"height:20px\" aria-hidden=\"true\" class=\"wp-block-spacer\"><\/div>\n\n\n\n<h4 class=\"wp-block-heading\"><strong>Programme \u2014<\/strong><\/h4>\n\n\n\n<p>Le programme individuel est construit avec la personne en fonction de son niveau et de son projet social. (pour lire le programme de formation dans les ESATs, <strong><a href=\"http:\/\/www.assocardan.org\/PDF\/Formation\/programme_esat_2026.pdf\" target=\"_blank\" rel=\"noreferrer noopener\">cliquez ici<\/a><\/strong>)<\/p>\n\n\n\n<div style=\"height:20px\" aria-hidden=\"true\" class=\"wp-block-spacer\"><\/div>\n\n\n\n<h4 class=\"wp-block-heading\"><strong>Pr\u00e9requis \u2014<\/strong><\/h4>\n\n\n\n<p>aucun pr\u00e9requis n\u2019est demand\u00e9.<\/p>\n\n\n\n<div style=\"height:20px\" aria-hidden=\"true\" class=\"wp-block-spacer\"><\/div>\n\n\n\n<h4 class=\"wp-block-heading\"><strong>M\u00e9thode p\u00e9dagogique \u2014<\/strong><\/h4>\n\n\n\n<p>Le formateur est aussi en situation d\u2019apprentissage et d\u2019\u00e9change : l\u2019apprentissage de cr\u00e9ation d\u2019outils les mieux adapt\u00e9s \u00e0 chaque apprenant favorise l\u2019individualisation du parcours de formation aux savoirs de base, au sein m\u00eame du module.<\/p>\n\n\n\n<p>Nous appr\u00e9cions particuli\u00e8rement la m\u00e9thode de la p\u00e9dagogie de la m\u00e9diation.<\/p>\n\n\n\n<div style=\"height:20px\" aria-hidden=\"true\" class=\"wp-block-spacer\"><\/div>\n\n\n\n<h4 class=\"wp-block-heading\"><strong>Modalit\u00e9 d\u2019\u00e9valuation \u2014<\/strong><\/h4>\n\n\n\n<p>Des \u00e9valuations sont faites \u00e0 chaque fin de p\u00e9riode<\/p>\n\n\n\n<div style=\"height:20px\" aria-hidden=\"true\" class=\"wp-block-spacer\"><\/div>\n\n\n\n<h4 class=\"wp-block-heading\"><strong>Conditions d\u2019acc\u00e8s \u2013<\/strong><\/h4>\n\n\n\n<p>inscription pr\u00e9alable aupr\u00e8s du service \u00e9ducatif de l\u2019\u00e9tablissement<\/p>\n\n\n\n<div style=\"height:20px\" aria-hidden=\"true\" class=\"wp-block-spacer\"><\/div>\n\n\n\n<h4 class=\"wp-block-heading\"><strong>Validation \u2014<\/strong><\/h4>\n\n\n\n<p>attestation de suivi de formation<\/p>\n\n\n\n<div style=\"height:20px\" aria-hidden=\"true\" class=\"wp-block-spacer\"><\/div>\n\n\n\n<h4 class=\"wp-block-heading\"><strong>Accessibilit\u00e9 \u2014<\/strong><\/h4>\n\n\n\n<p>locaux accessibles aux personnes en situations de handicap<\/p>\n\n\n\n<div style=\"height:20px\" aria-hidden=\"true\" class=\"wp-block-spacer\"><\/div>\n\n\n\n<h4 class=\"wp-block-heading\"><strong>T\u00e9moignages \u2014<\/strong><\/h4>\n\n\n\n<p>\u00ab Aujourd\u2019hui quand je ne comprends pas, je le dis. Cela m\u2019a permis de d\u00e9velopper certaines id\u00e9es et d\u2019apprendre \u00e0 formuler celles que j\u2019ai. J\u2019apprends aussi \u00e0 faire les choses, seul. \u00bb<\/p>\n\n\n\n<div style=\"height:20px\" aria-hidden=\"true\" class=\"wp-block-spacer\"><\/div>\n\n\n\n<p>\u00ab Il y a des mots que j\u2019arrive \u00e0 \u00e9crire sans fautes et d\u2019autres avec des erreurs. J\u2019ai l\u2019impression que les mots que j\u2019arrive \u00e0 retenir sont plus faciles. C\u2019est comme s\u2019ils \u00e9taient \u00e9crits dans la t\u00eate et que je n\u2019avais plus besoin de r\u00e9fl\u00e9chir au moment de l\u2019\u00e9criture. Et \u00e7a me para\u00eet moins difficile. \u00bb<\/p>\n\n\n\n<div style=\"height:20px\" aria-hidden=\"true\" class=\"wp-block-spacer\"><\/div>\n\n\n\n<p>\u00ab Le cardan, c\u2019est pour m\u2019aider \u00e0 me d\u00e9brouiller toute seule. Je fais Cardan depuis un an, et je trouve que j\u2019arrive mieux \u00e0 faire mes courses. J\u2019apprends \u00e0 calculer et \u00e0 lire, c\u2019est important pour \u00eatre libre. \u00bb<\/p>\n\n\n\n<div style=\"height:20px\" aria-hidden=\"true\" class=\"wp-block-spacer\"><\/div>\n\n\n\n<p class=\"has-text-align-left\">\u00ab Gr\u00e2ce au Cardan, j\u2019ai pu lire mon courrier et j\u2019ai montr\u00e9 \u00e0 la conseill\u00e8re CAF que c\u2019est eux qui se sont tromp\u00e9s, pas moi ! J\u2019\u00e9tais si fi\u00e8re de moi que j\u2019en ai pleur\u00e9 \u00bb<\/p>\n\n\n\n<div style=\"height:20px\" aria-hidden=\"true\" class=\"wp-block-spacer\"><\/div>\n\n\n\n<h4 class=\"wp-block-heading\"><strong>\u00c9tablissements actuels \u2014<\/strong><\/h4>\n\n\n\n<p class=\"has-text-align-left\">ADAPEI80 Ateliers Amiens, Albert, Abbeville et Roye ; Les Alen\u00e7ons, Petit Camon ; Les ateliers du P\u00f4le Jules Verne \u00e0 Glisy ; les ateliers de Val deSelle, Conty ; l\u2019UNAPEI de Beauvais Th\u00e9rain, M\u00e9ru, Chaumont en Vexin, Cr\u00e9py en Vallois et Longueil Sainte Marie.<\/p>\n<\/div>\n\n\n\n<div class=\"wp-block-column is-layout-flow wp-block-column-is-layout-flow\" style=\"flex-basis:33.33%\">\n<h3 class=\"wp-block-heading has-text-align-center has-white-color has-luminous-vivid-amber-background-color has-text-color has-background\" style=\"font-size:25px\">informations compl\u00e9mentaires<\/h3>\n\n\n\n<div class=\"wp-block-columns has-cyan-bluish-gray-background-color has-background is-layout-flex wp-container-core-columns-is-layout-9d6595d7 wp-block-columns-is-layout-flex\">\n<div class=\"wp-block-column is-layout-flow wp-block-column-is-layout-flow\">\n<h4 class=\"wp-block-heading\">Inscription<\/h4>\n\n\n\n<p>Aupr\u00e8s du service \u00e9ducatif<\/p>\n\n\n\n<div style=\"height:20px\" aria-hidden=\"true\" class=\"wp-block-spacer\"><\/div>\n\n\n\n<h4 class=\"wp-block-heading\">Dur\u00e9e<\/h4>\n\n\n\n<p>60 heures reconductibles d\u2019une ann\u00e9e sur l\u2019autre si l\u2019\u00e9tablissement renouvelle la demande.<\/p>\n\n\n\n<div style=\"height:20px\" aria-hidden=\"true\" class=\"wp-block-spacer\"><\/div>\n\n\n\n<h4 class=\"wp-block-heading\">Lieu de formation<\/h4>\n\n\n\n<p>Dans les ESATs <\/p>\n\n\n\n<div style=\"height:20px\" aria-hidden=\"true\" class=\"wp-block-spacer\"><\/div>\n\n\n\n<h4 class=\"wp-block-heading\">D\u00e9lai d&#8217;entr\u00e9e en formation<\/h4>\n\n\n\n<p>D\u00e9cid\u00e9 par l&#8217;ESAT<\/p>\n\n\n\n<div style=\"height:20px\" aria-hidden=\"true\" class=\"wp-block-spacer\"><\/div>\n\n\n\n<h4 class=\"wp-block-heading\">Voie d\u2019acc\u00e8s<\/h4>\n\n\n\n<p>Pas de pr\u00e9requis<\/p>\n\n\n\n<div style=\"height:20px\" aria-hidden=\"true\" class=\"wp-block-spacer\"><\/div>\n\n\n\n<h4 class=\"wp-block-heading\">Intervenants<\/h4>\n\n\n\n<p>Formateurs professionnels dipl\u00f4m\u00e9s avec exp\u00e9rience ( <strong><a href=\"http:\/\/www.assocardan.org\/PDF\/Formation\/formatrices_formateurs_25.pdf\" target=\"_blank\" rel=\"noreferrer noopener\">cliquez ici<\/a><\/strong> )<\/p>\n\n\n\n<div style=\"height:20px\" aria-hidden=\"true\" class=\"wp-block-spacer\"><\/div>\n\n\n\n<h4 class=\"wp-block-heading\">Contact<\/h4>\n\n\n\n<p>Pour toute autre demande, <strong><a href=\"https:\/\/www.assocardan.org\/?page_id=2875\" target=\"_blank\" rel=\"noreferrer noopener\">nous contacter<\/a><\/strong><\/p>\n\n\n\n<div style=\"height:20px\" aria-hidden=\"true\" class=\"wp-block-spacer\"><\/div>\n\n\n\n<h4 class=\"wp-block-heading\">Co\u00fbt<\/h4>\n\n\n\n<p>75,00 \u20ac\/heure de formation groupe<\/p>\n\n\n\n<div style=\"height:10px\" aria-hidden=\"true\" class=\"wp-block-spacer\"><\/div>\n\n\n\n<div class=\"wp-block-buttons is-layout-flex wp-block-buttons-is-layout-flex\">\n<div class=\"wp-block-button has-custom-width wp-block-button__width-100\"><a class=\"wp-block-button__link wp-element-button\" href=\"http:\/\/www.assocardan.org\/PDF\/Formation\/conditions_generales_de_vente.pdf\" target=\"_blank\" rel=\"noreferrer noopener\"><strong>Conditions g\u00e9n\u00e9rales de vente<\/strong><\/a><\/div>\n<\/div>\n\n\n\n<div style=\"height:20px\" aria-hidden=\"true\" class=\"wp-block-spacer\"><\/div>\n\n\n\n<h4 class=\"wp-block-heading\">Taux de satisfaction<\/h4>\n\n\n\n<p>99 % ( <strong><a href=\"http:\/\/www.assocardan.org\/PDF\/AG\/ag-25-26.pdf#page=27\" target=\"_blank\" rel=\"noreferrer noopener\">voir le tableau<\/a><\/strong> )<\/p>\n\n\n\n<div style=\"height:20px\" aria-hidden=\"true\" class=\"wp-block-spacer\"><\/div>\n\n\n\n<h4 class=\"wp-block-heading\">Accessibilit\u00e9<\/h4>\n\n\n\n<p>Accessible aux personnes en situations de handicap<\/p>\n\n\n\n<div style=\"height:20px\" aria-hidden=\"true\" class=\"wp-block-spacer\"><\/div>\n\n\n\n<figure class=\"wp-block-image size-large\"><img loading=\"lazy\" decoding=\"async\" width=\"683\" height=\"1024\" src=\"https:\/\/www.assocardan.org\/wp-content\/uploads\/2021\/12\/20-683x1024.jpg\" alt=\"\" class=\"wp-image-8900\" srcset=\"https:\/\/www.assocardan.org\/wp-content\/uploads\/2021\/12\/20-683x1024.jpg 683w, https:\/\/www.assocardan.org\/wp-content\/uploads\/2021\/12\/20-200x300.jpg 200w, https:\/\/www.assocardan.org\/wp-content\/uploads\/2021\/12\/20-1024x1536.jpg 1024w, https:\/\/www.assocardan.org\/wp-content\/uploads\/2021\/12\/20-1365x2048.jpg 1365w, https:\/\/www.assocardan.org\/wp-content\/uploads\/2021\/12\/20-750x1125.jpg 750w, https:\/\/www.assocardan.org\/wp-content\/uploads\/2021\/12\/20-400x600.jpg 400w, https:\/\/www.assocardan.org\/wp-content\/uploads\/2021\/12\/20-430x645.jpg 430w, https:\/\/www.assocardan.org\/wp-content\/uploads\/2021\/12\/20-150x225.jpg 150w, https:\/\/www.assocardan.org\/wp-content\/uploads\/2021\/12\/20-100x150.jpg 100w, https:\/\/www.assocardan.org\/wp-content\/uploads\/2021\/12\/20-1320x1980.jpg 1320w, https:\/\/www.assocardan.org\/wp-content\/uploads\/2021\/12\/20-scaled.jpg 1707w\" sizes=\"auto, (max-width: 683px) 100vw, 683px\" \/><\/figure>\n<\/div>\n<\/div>\n<\/div>\n<\/div>\n\n\n\n<div style=\"height:100px\" aria-hidden=\"true\" class=\"wp-block-spacer\"><\/div>\n\n\n\n<p><em>Vous trouverez d&#8217;autres informations sur la formation en ESAT au Cardan, en lisant notre dernier rapport d\u2019orientation et d\u2019activit\u00e9s. <a href=\"http:\/\/www.assocardan.org\/PDF\/AG\/ag-25-26.pdf#page=25\" target=\"_blank\" rel=\"noreferrer noopener\"><strong>Veuillez cliquer ici<\/strong><\/a>.<\/em><\/p>\n\n\n\n<div style=\"height:100px\" aria-hidden=\"true\" class=\"wp-block-spacer\"><\/div>\n\n\n\n<p><em>Mis \u00e0 jour le 10\/03\/202<\/em>6<\/p>\n","protected":false},"excerpt":{"rendered":"<p>formation en ESAT Contexte \u2014 Les travailleurs handicap\u00e9s sollicitent les \u00e9tablissements d\u2019aide par le travail employeurs pour la mise en place d\u2019actions de formation aux savoirs de base. D\u00e9bouch\u00e9s \u2014 [&hellip;]<\/p>\n","protected":false},"author":1,"featured_media":0,"parent":0,"menu_order":0,"comment_status":"closed","ping_status":"closed","template":"page_fullwidth.php","meta":{"footnotes":""},"class_list":["post-8813","page","type-page","status-publish","hentry"],"_links":{"self":[{"href":"https:\/\/www.assocardan.org\/index.php?rest_route=\/wp\/v2\/pages\/8813","targetHints":{"allow":["GET"]}}],"collection":[{"href":"https:\/\/www.assocardan.org\/index.php?rest_route=\/wp\/v2\/pages"}],"about":[{"href":"https:\/\/www.assocardan.org\/index.php?rest_route=\/wp\/v2\/types\/page"}],"author":[{"embeddable":true,"href":"https:\/\/www.assocardan.org\/index.php?rest_route=\/wp\/v2\/users\/1"}],"replies":[{"embeddable":true,"href":"https:\/\/www.assocardan.org\/index.php?rest_route=%2Fwp%2Fv2%2Fcomments&post=8813"}],"version-history":[{"count":27,"href":"https:\/\/www.assocardan.org\/index.php?rest_route=\/wp\/v2\/pages\/8813\/revisions"}],"predecessor-version":[{"id":10465,"href":"https:\/\/www.assocardan.org\/index.php?rest_route=\/wp\/v2\/pages\/8813\/revisions\/10465"}],"wp:attachment":[{"href":"https:\/\/www.assocardan.org\/index.php?rest_route=%2Fwp%2Fv2%2Fmedia&parent=8813"}],"curies":[{"name":"wp","href":"https:\/\/api.w.org\/{rel}","templated":true}]}}